{"id":2672,"date":"2024-02-29T11:55:48","date_gmt":"2024-02-29T10:55:48","guid":{"rendered":"https:\/\/italea.com\/accesibilidad\/"},"modified":"2024-04-29T17:34:51","modified_gmt":"2024-04-29T15:34:51","slug":"accesibilidad","status":"publish","type":"page","link":"https:\/\/italea.com\/es\/accesibilidad\/","title":{"rendered":"Accesibilidad"},"content":{"rendered":"\n<p>Declaraci\u00f3n de accesibilidad del sitio web para Entidades P\u00fablicas de conformidad con el art. 3 p\u00e1rrafo 1 de la Ley n.\u00ba 4 de 9 de enero de 2004<\/p>\n\n<h2 class=\"wp-block-heading\">Declaraci\u00f3n<\/h2>\n\n<p><strong>Ministerio de Asuntos Exteriores y Cooperaci\u00f3n Internacional<\/strong><strong> <\/strong>se compromete a hacer accesible su sitio web, de conformidad con la Ley 9 de enero de 2004, n. 4. Esta declaraci\u00f3n de accesibilidad se aplica a:<strong> <\/strong><strong>https:\/\/italea.com\/<\/strong><\/p>\n\n<h3 class=\"wp-block-heading\">Estado de cumplimiento:<\/h3>\n\n<p>Parcialmente conforme<br\/>Este sitio web cumple parcialmente con los requisitos del Ap\u00e9ndice A de la norma UNI CEI EN 301549 debido a los casos de incumplimiento que se enumeran a continuaci\u00f3n<\/p>\n\n<h3 class=\"wp-block-heading\">Contenido inaccesible<\/h3>\n\n<p>Los contenidos que se enumeran a continuaci\u00f3n no son accesibles por los siguientes motivos: incumplimiento de la Ley 9 de enero de 2004, n. 4:<\/p>\n\n<ul class=\"wp-block-list\">\n<li>C.9.1.2.1 &#8211; No se proporciona informaci\u00f3n equivalente en un formato alternativo en algunos medios pregrabados de solo audio o solo video;<\/li>\n\n\n\n<li>C.9.1.3.1 &#8211; En algunos casos, la informaci\u00f3n, la estructura o las correlaciones transmitidas por la presentaci\u00f3n de las p\u00e1ginas, no pueden determinarse program\u00e1ticamente (o no est\u00e1n disponibles a trav\u00e9s del texto);<\/li>\n\n\n\n<li>C.9.1.4.1 &#8211; En algunos casos, el color por s\u00ed solo se ha utilizado para identificar un prop\u00f3sito o distinguir informaci\u00f3n o funci\u00f3n;<\/li>\n\n\n\n<li>C.9.1.4.3 &#8211; La representaci\u00f3n visual de textos e im\u00e1genes que contienen texto no siempre tiene la relaci\u00f3n de contraste m\u00ednima requerida, salvo excepciones previstas por la legislaci\u00f3n (por ejemplo, logotipos);<\/li>\n\n\n\n<li>C.9.1.4.11 &#8211; Para algunos componentes esenciales, incluso en diferentes estados, el contraste de color con respecto a los elementos adyacentes no excede la proporci\u00f3n de 3:1;<\/li>\n\n\n\n<li>C.9.2.1.1 &#8211; Algunas funciones no se pueden utilizar a trav\u00e9s del teclado (o interfaz con una entrada similar);<\/li>\n\n\n\n<li>C.9.2.4.2 &#8211; Algunas p\u00e1ginas web no tienen t\u00edtulos que describan su objeto o prop\u00f3sito;<\/li>\n\n\n\n<li>C.9.2.4.3 &#8211; En algunas p\u00e1ginas web por las que se puede navegar secuencialmente y en las que la secuencia de navegaci\u00f3n afecta a su significado y funcionamiento, algunos objetos que podr\u00edan recibir el foco no lo reciben en un orden tal que conserve su significado y funcionamiento;<\/li>\n\n\n\n<li>C.9.2.4.4 &#8211; El prop\u00f3sito de algunos enlaces no puede ser determinado por el texto del enlace o el texto del enlace junto con el contenido adyacente;<\/li>\n\n\n\n<li>C.9.2.4.6 &#8211; Los encabezados y\/o etiquetas no aclaran suficientemente el contenido o la funcionalidad;<\/li>\n\n\n\n<li>C.9.2.4.7 &#8211; El indicador de enfoque no es visible en algunos elementos interactivos;<\/li>\n\n\n\n<li>C.9.3.2.1 &#8211; Cuando algunos componentes de la interfaz de usuario reciben el foco, se produce un cambio en el contexto;<\/li>\n\n\n\n<li>C.9.4.1.2 &#8211; En algunos casos, los componentes de la interfaz de usuario (incluidos: elementos de formulario, enlaces y componentes con scripts&#8230;), el nombre, el rol, los estados, las propiedades y los valores son incorrectos o est\u00e1n configurados, o el usuario y sus tecnolog\u00edas de asistencia no son notificados cuando cambian;<\/li>\n\n\n\n<li>C.10.1.3.1 (PDF) &#8211; En algunos casos, la informaci\u00f3n, la estructura o las correlaciones transmitidas por la presentaci\u00f3n de documentos no pueden determinarse mediante programaci\u00f3n (o no est\u00e1n disponibles a trav\u00e9s de texto);<\/li>\n\n\n\n<li>C.10.2.4.2 (PDF) &#8211; Algunos documentos no tienen t\u00edtulos que describan su objeto o prop\u00f3sito;<\/li>\n<\/ul>\n\n<h3 class=\"wp-block-heading\">Redacci\u00f3n de la Declaraci\u00f3n de Accesibilidad<\/h3>\n\n<p>Esta declaraci\u00f3n fue redactada el<strong> 23\/04\/2024.<\/strong><strong><br\/><\/strong><strong><br\/><\/strong>La evaluaci\u00f3n fue<strong> realizada por terceros<\/strong> mediante an\u00e1lisis objetivos y subjetivos [v\u00e9ase el art\u00edculo 3, apartado 1, de la Decisi\u00f3n de Ejecuci\u00f3n (UE) 2018\/1523 de la Comisi\u00f3n].<em><br\/><\/em><strong><br\/><\/strong>La declaraci\u00f3n fue revisada por \u00faltima vez el <strong>23\/04\/2024<\/strong>, cumpliendo con la recomendaci\u00f3n de revisar peri\u00f3dicamente (al menos una vez al a\u00f1o) la exactitud de las declaraciones contenidas en esta declaraci\u00f3n de accesibilidad.<\/p>\n\n<h3 class=\"wp-block-heading\">Comentarios e informaci\u00f3n de contacto<\/h3>\n\n<p>Dado que creemos que el objetivo de la accesibilidad no es solo el cumplimiento de las normativas y los requisitos t\u00e9cnicos, sino sobre todo satisfacer las necesidades de las personas, invitamos a quienes encuentren dificultades para acceder a la informaci\u00f3n a que lo denuncien al siguiente correo electr\u00f3nico:<\/p>\n\n<p><a href=\"mailto:info@italea.com\">info@italea.com<\/a><\/p>\n\n<h3 class=\"wp-block-heading\">Jefe de Transici\u00f3n Digital<\/h3>\n\n<p><strong>Cascardi Nicandro<\/strong><\/p>\n\n<p>Correo: <a href=\"mailto:nicandro.cascardi@esteri.it\">nicandro.cascardi@esteri.it<\/a><\/p>\n\n<h2 class=\"wp-block-heading\">C\u00f3mo enviar informes a AgID<\/h2>\n\n<p>En caso de respuesta insatisfactoria o falta de respuesta a la notificaci\u00f3n o solicitud en el plazo de treinta d\u00edas, el interesado podr\u00e1 presentar un informe a AgID, por correo electr\u00f3nico certificado, a la siguiente direcci\u00f3n: <strong>protocollo@pec.agid.gov.it<\/strong><\/p>\n\n<h3 class=\"wp-block-heading\">Acerca del sitio<\/h3>\n\n<ol class=\"wp-block-list\">\n<li>Fecha de publicaci\u00f3n: <strong>28\/02\/2024<\/strong><\/li>\n\n\n\n<li>Se han realizado pruebas de usabilidad: <strong>s\u00ed<\/strong><\/li>\n\n\n\n<li>CMS utilizado para el sitio web: <strong>WordPress<\/strong><\/li>\n<\/ol>\n\n<h3 class=\"wp-block-heading\">Informaci\u00f3n de la propiedad<\/h3>\n\n<ol class=\"wp-block-list\">\n<li>N\u00famero de empleados con discapacidad en la administraci\u00f3n<strong> 125<\/strong><\/li>\n\n\n\n<li>N\u00famero de puestos de trabajo para empleados con discapacidad<strong> 35<\/strong><\/li>\n<\/ol>\n","protected":false},"excerpt":{"rendered":"<p>Declaraci\u00f3n de accesibilidad del sitio web para Entidades P\u00fablicas de conformidad con el art. 3 p\u00e1rrafo 1 de la Ley n.\u00ba 4 de 9 de enero de 2004 Declaraci\u00f3n Ministerio de Asuntos Exteriores y Cooperaci\u00f3n Internacional se compromete a hacer accesible su sitio web, de conformidad con la Ley 9 de enero de 2004, n. [&hellip;]<\/p>\n","protected":false},"author":1,"featured_media":0,"parent":0,"menu_order":0,"comment_status":"closed","ping_status":"closed","template":"page-accessibilita.php","meta":{"_acf_changed":false,"inline_featured_image":false,"footnotes":""},"class_list":["post-2672","page","type-page","status-publish","hentry"],"acf":[],"_links":{"self":[{"href":"https:\/\/italea.com\/es\/wp-json\/wp\/v2\/pages\/2672","targetHints":{"allow":["GET"]}}],"collection":[{"href":"https:\/\/italea.com\/es\/wp-json\/wp\/v2\/pages"}],"about":[{"href":"https:\/\/italea.com\/es\/wp-json\/wp\/v2\/types\/page"}],"author":[{"embeddable":true,"href":"https:\/\/italea.com\/es\/wp-json\/wp\/v2\/users\/1"}],"replies":[{"embeddable":true,"href":"https:\/\/italea.com\/es\/wp-json\/wp\/v2\/comments?post=2672"}],"version-history":[{"count":18,"href":"https:\/\/italea.com\/es\/wp-json\/wp\/v2\/pages\/2672\/revisions"}],"predecessor-version":[{"id":2812,"href":"https:\/\/italea.com\/es\/wp-json\/wp\/v2\/pages\/2672\/revisions\/2812"}],"wp:attachment":[{"href":"https:\/\/italea.com\/es\/wp-json\/wp\/v2\/media?parent=2672"}],"curies":[{"name":"wp","href":"https:\/\/api.w.org\/{rel}","templated":true}]}}