{"id":2679,"date":"2024-01-18T12:21:22","date_gmt":"2024-01-18T11:21:22","guid":{"rendered":"https:\/\/italea.com\/sobre-nosotros\/"},"modified":"2024-04-17T18:26:29","modified_gmt":"2024-04-17T16:26:29","slug":"sobre-nosotros","status":"publish","type":"page","link":"https:\/\/italea.com\/es\/sobre-nosotros\/","title":{"rendered":"Sobre nosotros"},"content":{"rendered":"\n<h2 class=\"wp-block-heading\">Italea<\/h2>\n\n<p>Italea es el programa de promoci\u00f3n del turismo de ra\u00edz, puesto en marcha por el Ministerio de Asuntos Exteriores y Cooperaci\u00f3n Internacional en el marco del proyecto PNRR y financiado por NextGenerationEU.<\/p>\n\n<p>El proyecto tiene como objetivo atraer a los italianos en el extranjero y a los descendientes de italianos dispuestos a descubrir los lugares y las tradiciones de sus or\u00edgenes, proporcionando un conjunto de servicios para facilitar los viajes a Italia, gracias tambi\u00e9n a la amplia organizaci\u00f3n de 20 grupos, uno en cada regi\u00f3n italiana, que se encargar\u00e1n de informar, acoger y ayudar a los viajeros de las ra\u00edces.<\/p>\n\n<p>Italea es un proyecto dedicado tanto a aquellos que ya conocen sus or\u00edgenes italianos y quieren organizar un viaje para descubrir y redescubrir los lugares, las costumbres y la cultura de sus antepasados, como a aquellos que a\u00fan no los han identificado, y que podr\u00e1n hacer uso de una red de genealogistas confiables.<\/p>\n\n<p>El nombre Italea deriva de \u00abesqueje\u00bb, una pr\u00e1ctica mediante la cual se permite que una planta se propague. Al cortar una parte de ella y replantarla, se le puede dar nueva vida, haciendo crecer nuevas ra\u00edces: tal como sucede con la migraci\u00f3n. Este programa representa la gratitud a la \u00abplanta madre\u00bb por su florecimiento en el mundo.  <\/p>\n","protected":false},"excerpt":{"rendered":"<p>Italea Italea es el programa de promoci\u00f3n del turismo de ra\u00edz, puesto en marcha por el Ministerio de Asuntos Exteriores y Cooperaci\u00f3n Internacional en el marco del proyecto PNRR y financiado por NextGenerationEU. El proyecto tiene como objetivo atraer a los italianos en el extranjero y a los descendientes de italianos dispuestos a descubrir los [&hellip;]<\/p>\n","protected":false},"author":5,"featured_media":0,"parent":0,"menu_order":0,"comment_status":"closed","ping_status":"closed","template":"page-chi-siamo.php","meta":{"_acf_changed":false,"inline_featured_image":false,"footnotes":""},"class_list":["post-2679","page","type-page","status-publish","hentry"],"acf":[],"_links":{"self":[{"href":"https:\/\/italea.com\/es\/wp-json\/wp\/v2\/pages\/2679","targetHints":{"allow":["GET"]}}],"collection":[{"href":"https:\/\/italea.com\/es\/wp-json\/wp\/v2\/pages"}],"about":[{"href":"https:\/\/italea.com\/es\/wp-json\/wp\/v2\/types\/page"}],"author":[{"embeddable":true,"href":"https:\/\/italea.com\/es\/wp-json\/wp\/v2\/users\/5"}],"replies":[{"embeddable":true,"href":"https:\/\/italea.com\/es\/wp-json\/wp\/v2\/comments?post=2679"}],"version-history":[{"count":3,"href":"https:\/\/italea.com\/es\/wp-json\/wp\/v2\/pages\/2679\/revisions"}],"predecessor-version":[{"id":2745,"href":"https:\/\/italea.com\/es\/wp-json\/wp\/v2\/pages\/2679\/revisions\/2745"}],"wp:attachment":[{"href":"https:\/\/italea.com\/es\/wp-json\/wp\/v2\/media?parent=2679"}],"curies":[{"name":"wp","href":"https:\/\/api.w.org\/{rel}","templated":true}]}}