{"id":2685,"date":"2019-12-13T11:49:55","date_gmt":"2019-12-13T10:49:55","guid":{"rendered":"https:\/\/italea.com\/politica-de-privacidad-y-cookies\/"},"modified":"2025-10-29T18:16:00","modified_gmt":"2025-10-29T17:16:00","slug":"privacy-cookie-policy","status":"publish","type":"page","link":"https:\/\/italea.com\/es\/privacy-cookie-policy\/","title":{"rendered":"Pol\u00edtica de privacidad y cookies"},"content":{"rendered":"\n<p>Aviso sobre la protecci\u00f3n de las personas f\u00edsicas en lo que respecta al tratamiento de datos personales a trav\u00e9s del canal web<\/p>\n\n\n\n<p>(Reglamento General de Protecci\u00f3n de Datos (UE) 2016\/679, Art. 13)<\/p>\n\n\n\n<p>Se informa que el <strong>Ministerio de Asuntos Exteriores y de Cooperaci\u00f3n Internacional<\/strong>, con sede en Piazzale della Farnesina 1 \u2013 00135 Roma (en adelante, el \u201cResponsable del tratamiento\u201d), en su calidad de responsable del tratamiento de datos, le comunica, de conformidad con el art\u00edculo 13 del Reglamento (UE) n.\u00ba 2016\/679 (en adelante, \u201cRGPD\u201d), que sus datos ser\u00e1n tratados de acuerdo con las modalidades y finalidades que se indican a continuaci\u00f3n.<\/p>\n\n\n\n<h2 class=\"wp-block-heading\">1. Objeto del tratamiento<\/h2>\n\n\n\n<p>Este sitio web, dedicado a las actividades tur\u00edsticas y geneal\u00f3gicas del proyecto Italea, recopila datos personales a trav\u00e9s de formularios de contacto, solicitudes de itinerario y consultas geneal\u00f3gicas. Entre los datos recopilados se incluyen, a modo de ejemplo: nombre, apellidos, correo electr\u00f3nico, ciudad de salida y destino, regi\u00f3n de origen, informaci\u00f3n sobre v\u00ednculos familiares, fechas de viaje, intereses tur\u00edsticos, as\u00ed como datos geneal\u00f3gicos relativos a los antepasados (nombre, a\u00f1o de nacimiento, lugar de origen). Dichos datos se almacenan en la base de datos de Italea y, con el fin de gestionar eficazmente las solicitudes, pueden ser remitidos a los contactos regionales competentes seg\u00fan la ubicaci\u00f3n indicada por el usuario.<\/p>\n\n\n\n<p>El Responsable del tratamiento procesa datos personales e identificativos, como: nombre, apellidos, raz\u00f3n social, direcci\u00f3n, tel\u00e9fono y correo electr\u00f3nico (en adelante, \u201cdatos personales\u201d), cuando usted los comunica, para la prestaci\u00f3n de servicios relacionados con la actividad del Responsable.<\/p>\n\n\n\n<h2 class=\"wp-block-heading\">2. Finalidades del tratamiento<\/h2>\n\n\n\n<p>Adem\u00e1s de las finalidades mencionadas anteriormente, los datos personales proporcionados a trav\u00e9s de los formularios del sitio se utilizar\u00e1n para: procesar y responder a solicitudes de itinerarios tur\u00edsticos o consultas geneal\u00f3gicas; poner al usuario en contacto con los representantes regionales o locales responsables de la gesti\u00f3n de dichas solicitudes; mejorar la oferta de servicios tur\u00edsticos y culturales relacionados con las ra\u00edces italianas. El tratamiento de dichos datos se realizar\u00e1 siempre respetando los principios de licitud, lealtad y transparencia.<\/p>\n\n\n\n<p>Sus datos personales proporcionados a trav\u00e9s de este sitio web podr\u00e1n ser utilizados:<br><strong>A)<\/strong> Sin su consentimiento expreso (art. 6, letras b) y e) del RGPD) para las siguientes finalidades:<\/p>\n\n\n\n<ul class=\"wp-block-list\">\n<li>celebrar posibles contratos por los servicios que usted desee suscribir con el Responsable del tratamiento;<\/li>\n\n\n\n<li>cumplir con obligaciones precontractuales, contractuales y fiscales derivadas de cualquier relaci\u00f3n existente con usted;<\/li>\n\n\n\n<li>cumplir con obligaciones legales, reglamentarias, comunitarias o por orden de una autoridad (por ejemplo, en materia de prevenci\u00f3n del blanqueo de capitales);<\/li>\n\n\n\n<li>permitir al Responsable del tratamiento ejercer sus derechos, como el derecho de defensa en procedimientos judiciales.<\/li>\n<\/ul>\n\n\n\n<p><strong>B)<\/strong> Solo con su consentimiento espec\u00edfico y diferenciado (art. 7 RGPD), para activar servicios basados en sus necesidades personales espec\u00edficas que desee comunicar.<\/p>\n\n\n\n<h2 class=\"wp-block-heading\">3. Modalidades del tratamiento<\/h2>\n\n\n\n<p>El tratamiento de sus datos personales se realiza mediante las operaciones indicadas en el art. 4, apartado 2, del RGPD, es decir: recogida, registro, organizaci\u00f3n, conservaci\u00f3n, consulta, elaboraci\u00f3n, modificaci\u00f3n, selecci\u00f3n, extracci\u00f3n, comparaci\u00f3n, utilizaci\u00f3n, interconexi\u00f3n, bloqueo, comunicaci\u00f3n, supresi\u00f3n y destrucci\u00f3n de los datos. Sus datos personales podr\u00e1n ser tratados tanto en formato papel como electr\u00f3nico, pero no de forma automatizada.<\/p>\n\n\n\n<p>El Responsable del tratamiento conservar\u00e1 los datos personales durante el tiempo necesario para cumplir las finalidades mencionadas anteriormente y, en todo caso, por un periodo no superior a <strong>10 a\u00f1os<\/strong> desde la finalizaci\u00f3n de la relaci\u00f3n para las Finalidades de Servicio y no superior a <strong>2 a\u00f1os<\/strong> desde la recogida de los datos para las Finalidades de Marketing.<\/p>\n\n\n\n<h2 class=\"wp-block-heading\">4. Acceso a los datos<\/h2>\n\n\n\n<p>Sus datos podr\u00e1n ser accesibles para las finalidades mencionadas en los art\u00edculos 2.A) y 2.B):<br><strong>A)<\/strong> \u00danicamente por parte de empleados, colaboradores y empresas del Responsable del tratamiento, tanto en Italia como en el extranjero, en su calidad de personas autorizadas y\/o Encargados del tratamiento y\/o administradores del sistema.<\/p>\n\n\n\n<h2 class=\"wp-block-heading\">5. Comunicaci\u00f3n de los datos<\/h2>\n\n\n\n<p>Los datos recopilados podr\u00e1n ser comunicados a los contactos regionales o socios tur\u00edsticos y geneal\u00f3gicos encargados de gestionar las solicitudes de itinerario o consulta geneal\u00f3gica, exclusivamente para las finalidades relacionadas con el servicio solicitado por el usuario y de conformidad con el RGPD. Ning\u00fan dato ser\u00e1 difundido con fines distintos de los mencionados.<\/p>\n\n\n\n<p>Sin necesidad de consentimiento expreso (art. 6, letras b) y c) RGPD), el Responsable del tratamiento podr\u00e1 comunicar sus datos para las finalidades indicadas en el art. 2.A) a organismos de control, autoridades judiciales, compa\u00f1\u00edas de seguros para la prestaci\u00f3n de servicios de seguro, as\u00ed como a aquellas entidades cuya comunicaci\u00f3n sea obligatoria por ley, con el fin de cumplir dichas finalidades. Dichas entidades tratar\u00e1n los datos en calidad de <strong>Responsables del tratamiento independientes<\/strong>. Sus datos no ser\u00e1n difundidos de ning\u00fan otro modo.<\/p>\n\n\n\n<h2 class=\"wp-block-heading\">6. Transferencia de datos<\/h2>\n\n\n\n<p>Los datos personales se almacenan en servidores ubicados dentro de la Uni\u00f3n Europea. No obstante, el Responsable del tratamiento podr\u00e1, si fuera necesario, trasladar los servidores fuera de la UE. En tal caso, el Responsable garantiza desde ahora que la transferencia de datos fuera de la UE se realizar\u00e1 \u00fanicamente conforme a la legislaci\u00f3n aplicable, previa firma de las <strong>Cl\u00e1usulas Contractuales Tipo<\/strong> aprobadas por la Comisi\u00f3n Europea.<\/p>\n\n\n\n<h2 class=\"wp-block-heading\">7. Naturaleza del suministro de datos y consecuencias de su negativa<\/h2>\n\n\n\n<p>El suministro de datos en los formularios \u201cSolicitud de itinerario\u201d, \u201cConsulta geneal\u00f3gica\u201d y \u201cContacto general\u201d es necesario para poder tramitar y gestionar las solicitudes. En caso de no proporcionar dichos datos, el Responsable no podr\u00e1 ofrecer los servicios solicitados. El consentimiento expreso para el tratamiento de los datos es obligatorio para la gesti\u00f3n y transmisi\u00f3n de la informaci\u00f3n a los contactos regionales competentes.<\/p>\n\n\n\n<p>El suministro de datos para las finalidades mencionadas en el art. 2.A) es <strong>obligatorio<\/strong>. En su ausencia, no podremos garantizarle los servicios mencionados en dicho art\u00edculo.<\/p>\n\n\n\n<p>El suministro de datos para las finalidades indicadas en el art. 2.B) es <strong>opcional<\/strong>. Usted puede decidir no proporcionar ning\u00fan dato o revocar posteriormente la posibilidad de tratar los datos ya proporcionados: en tal caso, no podr\u00e1 seguir utilizando los servicios ofrecidos por el Responsable del tratamiento. No obstante, seguir\u00e1 teniendo derecho a los servicios mencionados en el art. 2.A).<\/p>\n\n\n\n<h2 class=\"wp-block-heading\">8. Derechos del interesado<\/h2>\n\n\n\n<p>Como interesado, tiene los derechos previstos en el art. 15 del RGPD, y en particular los derechos a:<\/p>\n\n\n\n<ul class=\"wp-block-list\">\n<li>obtener confirmaci\u00f3n de si existen o no datos personales que le conciernen, incluso si a\u00fan no est\u00e1n registrados, y su comunicaci\u00f3n de forma inteligible;<\/li>\n\n\n\n<li>obtener informaci\u00f3n sobre:<br>a) el origen de los datos personales;<br>b) las finalidades y modalidades del tratamiento;<br>c) la l\u00f3gica aplicada en caso de tratamiento efectuado con medios electr\u00f3nicos;<br>d) los datos de identificaci\u00f3n del responsable, de los encargados y del representante designado conforme al art. 3, apartado 1, del RGPD;<br>e) las personas o categor\u00edas de personas a las que los datos personales puedan ser comunicados o que puedan conocerlos en calidad de representante designado en el territorio nacional, encargados o personas autorizadas;<\/li>\n\n\n\n<li>obtener:<br>a) la actualizaci\u00f3n, rectificaci\u00f3n o, cuando le interese, la integraci\u00f3n de los datos;<br>b) la supresi\u00f3n, anonimizaci\u00f3n o bloqueo de los datos tratados en violaci\u00f3n de la ley, incluidos los que no sea necesario conservar en relaci\u00f3n con las finalidades para las que fueron recogidos o posteriormente tratados;<br>c) la certificaci\u00f3n de que las operaciones mencionadas en las letras a) y b) han sido notificadas, tambi\u00e9n en cuanto a su contenido, a quienes se hayan comunicado o difundido los datos, salvo que dicha obligaci\u00f3n resulte imposible o implique un esfuerzo manifiestamente desproporcionado con respecto al derecho protegido;<\/li>\n\n\n\n<li>oponerse, total o parcialmente:<br>a) por motivos leg\u00edtimos, al tratamiento de los datos personales que le conciernen, incluso cuando sean pertinentes para la finalidad de la recogida, en caso de finalizaci\u00f3n de cualquier relaci\u00f3n con el Responsable del tratamiento.<\/li>\n<\/ul>\n\n\n\n<p>Cuando sea aplicable, tambi\u00e9n tiene los derechos previstos en los art\u00edculos 16 a 21 del RGPD (Derecho de rectificaci\u00f3n, derecho al olvido, derecho a la limitaci\u00f3n del tratamiento, derecho a la portabilidad de los datos, derecho de oposici\u00f3n), as\u00ed como el derecho a presentar una reclamaci\u00f3n ante la Autoridad de Control.<\/p>\n\n\n\n<h2 class=\"wp-block-heading\">9. Ejercicio de los derechos<\/h2>\n\n\n\n<p>Podr\u00e1 ejercer sus derechos en cualquier momento:<\/p>\n\n\n\n<ul class=\"wp-block-list\">\n<li>contactando con el Delegado de Protecci\u00f3n de Datos (DPO) del Ministerio de Asuntos Exteriores y de Cooperaci\u00f3n Internacional, <strong>Consejero Francesco Tafuri<\/strong>, a trav\u00e9s del correo electr\u00f3nico: <strong><a>rpd@esteri.it<\/a><\/strong><\/li>\n\n\n\n<li>enviando una carta certificada con acuse de recibo a la direcci\u00f3n del Responsable del tratamiento.<\/li>\n<\/ul>\n\n\n\n<hr class=\"wp-block-separator has-alpha-channel-opacity\"\/>\n\n\n\n<p><strong>Fecha de la \u00faltima actualizaci\u00f3n: 29 de octubre de 2025<\/strong><\/p>\n","protected":false},"excerpt":{"rendered":"<p>Aviso sobre la protecci\u00f3n de las personas f\u00edsicas en lo que respecta al tratamiento de datos personales a trav\u00e9s del canal web (Reglamento General de Protecci\u00f3n de Datos (UE) 2016\/679, Art. 13) Se informa que el Ministerio de Asuntos Exteriores y de Cooperaci\u00f3n Internacional, con sede en Piazzale della Farnesina 1 \u2013 00135 Roma (en [&hellip;]<\/p>\n","protected":false},"author":1,"featured_media":0,"parent":0,"menu_order":0,"comment_status":"closed","ping_status":"closed","template":"","meta":{"_acf_changed":false,"inline_featured_image":false,"footnotes":""},"class_list":["post-2685","page","type-page","status-publish","hentry"],"acf":[],"_links":{"self":[{"href":"https:\/\/italea.com\/es\/wp-json\/wp\/v2\/pages\/2685","targetHints":{"allow":["GET"]}}],"collection":[{"href":"https:\/\/italea.com\/es\/wp-json\/wp\/v2\/pages"}],"about":[{"href":"https:\/\/italea.com\/es\/wp-json\/wp\/v2\/types\/page"}],"author":[{"embeddable":true,"href":"https:\/\/italea.com\/es\/wp-json\/wp\/v2\/users\/1"}],"replies":[{"embeddable":true,"href":"https:\/\/italea.com\/es\/wp-json\/wp\/v2\/comments?post=2685"}],"version-history":[{"count":2,"href":"https:\/\/italea.com\/es\/wp-json\/wp\/v2\/pages\/2685\/revisions"}],"predecessor-version":[{"id":20470,"href":"https:\/\/italea.com\/es\/wp-json\/wp\/v2\/pages\/2685\/revisions\/20470"}],"wp:attachment":[{"href":"https:\/\/italea.com\/es\/wp-json\/wp\/v2\/media?parent=2685"}],"curies":[{"name":"wp","href":"https:\/\/api.w.org\/{rel}","templated":true}]}}