{"id":2863,"date":"2024-05-15T17:07:38","date_gmt":"2024-05-15T15:07:38","guid":{"rendered":"https:\/\/italea.com\/magazine\/"},"modified":"2025-10-10T13:02:48","modified_gmt":"2025-10-10T11:02:48","slug":"magazine","status":"publish","type":"page","link":"https:\/\/italea.com\/es\/magazine\/","title":{"rendered":"Magazine"},"content":{"rendered":"\n<h2 class=\"wp-block-heading\">Las Revistas de Italea<\/h2>\n\n\n\n<p>Aqu\u00ed encontrar\u00e1s el archivo digital de nuestras revistas, que contaron el nacimiento y la evoluci\u00f3n del proyecto Italea con historias, itinerarios y testimonios.<br>Todos los n\u00fameros est\u00e1n disponibles gratuitamente: elige una edici\u00f3n, explora sus contenidos y revive este recorrido con nosotros.<\/p>\n","protected":false},"excerpt":{"rendered":"<p>Las Revistas de Italea Aqu\u00ed encontrar\u00e1s el archivo digital de nuestras revistas, que contaron el nacimiento y la evoluci\u00f3n del proyecto Italea con historias, itinerarios y testimonios.Todos los n\u00fameros est\u00e1n disponibles gratuitamente: elige una edici\u00f3n, explora sus contenidos y revive este recorrido con nosotros.<\/p>\n","protected":false},"author":1,"featured_media":0,"parent":0,"menu_order":0,"comment_status":"closed","ping_status":"closed","template":"template-magazine.php","meta":{"_acf_changed":false,"inline_featured_image":false,"footnotes":""},"class_list":["post-2863","page","type-page","status-publish","hentry"],"acf":[],"_links":{"self":[{"href":"https:\/\/italea.com\/es\/wp-json\/wp\/v2\/pages\/2863","targetHints":{"allow":["GET"]}}],"collection":[{"href":"https:\/\/italea.com\/es\/wp-json\/wp\/v2\/pages"}],"about":[{"href":"https:\/\/italea.com\/es\/wp-json\/wp\/v2\/types\/page"}],"author":[{"embeddable":true,"href":"https:\/\/italea.com\/es\/wp-json\/wp\/v2\/users\/1"}],"replies":[{"embeddable":true,"href":"https:\/\/italea.com\/es\/wp-json\/wp\/v2\/comments?post=2863"}],"version-history":[{"count":4,"href":"https:\/\/italea.com\/es\/wp-json\/wp\/v2\/pages\/2863\/revisions"}],"predecessor-version":[{"id":19813,"href":"https:\/\/italea.com\/es\/wp-json\/wp\/v2\/pages\/2863\/revisions\/19813"}],"wp:attachment":[{"href":"https:\/\/italea.com\/es\/wp-json\/wp\/v2\/media?parent=2863"}],"curies":[{"name":"wp","href":"https:\/\/api.w.org\/{rel}","templated":true}]}}