{"id":2916,"date":"2024-02-29T11:55:48","date_gmt":"2024-02-29T10:55:48","guid":{"rendered":"https:\/\/italea.com\/acessibilidade\/"},"modified":"2024-05-22T12:57:30","modified_gmt":"2024-05-22T10:57:30","slug":"acessibilidade","status":"publish","type":"page","link":"https:\/\/italea.com\/pt-pt\/acessibilidade\/","title":{"rendered":"Acessibilidade"},"content":{"rendered":"\n<p>Declara\u00e7\u00e3o de acessibilidade do s\u00edtio Web para os sujeitos p\u00fablicos ao abrigo do artigo. 3 N.\u00ba 1 da Lei n.\u00ba 4 de 9 de janeiro de 2004<\/p>\n\n<h2 class=\"wp-block-heading\">Declara\u00e7\u00e3o<\/h2>\n\n<p><strong>Minist\u00e9rio dos Neg\u00f3cios Estrangeiros e da Coopera\u00e7\u00e3o Internacional<\/strong><strong> <\/strong>compromete-se a tornar o seu s\u00edtio Web acess\u00edvel, em conformidade com a lei de 9 de janeiro de 2004, n. 4. A presente declara\u00e7\u00e3o de acessibilidade aplica-se a:<strong> <\/strong><strong>https:\/\/italea.com\/<\/strong><\/p>\n\n<h3 class=\"wp-block-heading\">Estado de conformidade:<\/h3>\n\n<p>Parcialmente conforme<br\/>Este s\u00edtio Web est\u00e1 parcialmente em conformidade com os requisitos do Ap\u00eandice A da norma UNI CEI EN 301549, devido aos casos de n\u00e3o conformidade abaixo indicados<\/p>\n\n<h3 class=\"wp-block-heading\">Conte\u00fado n\u00e3o acess\u00edvel<\/h3>\n\n<p>Os conte\u00fados listados abaixo n\u00e3o s\u00e3o acess\u00edveis pelas seguintes raz\u00f5es n\u00e3o cumprimento da Lei n.\u00ba 9 de janeiro de 2004, n.\u00ba. 4:<\/p>\n\n<ul class=\"wp-block-list\">\n<li>C.9.1.2.1 &#8211; Em alguns suportes pr\u00e9-gravados apenas \u00e1udio ou v\u00eddeo, n\u00e3o \u00e9 fornecida informa\u00e7\u00e3o equivalente num formato alternativo;<\/li>\n\n\n\n<li>C.9.1.3.1 &#8211; Em alguns casos, a informa\u00e7\u00e3o, a estrutura ou as correla\u00e7\u00f5es veiculadas pela apresenta\u00e7\u00e3o das p\u00e1ginas n\u00e3o podem ser determinadas programaticamente (ou n\u00e3o est\u00e3o dispon\u00edveis por texto);<\/li>\n\n\n\n<li>C.9.1.4.1 &#8211; Em nenhum caso a cor foi utilizada apenas para identificar um objetivo ou distinguir uma informa\u00e7\u00e3o ou uma fun\u00e7\u00e3o;<\/li>\n\n\n\n<li>C.9.1.4.3 &#8211; A representa\u00e7\u00e3o visual do texto e das imagens que cont\u00eam texto nem sempre tem a rela\u00e7\u00e3o de contraste m\u00ednima exigida, com as excep\u00e7\u00f5es previstas na regulamenta\u00e7\u00e3o (por exemplo, log\u00f3tipos);<\/li>\n\n\n\n<li>C.9.1.4.11 &#8211; Para alguns componentes essenciais, mesmo em estados diferentes, o contraste de cor em rela\u00e7\u00e3o a elementos adjacentes n\u00e3o excede uma rela\u00e7\u00e3o de 3:1;<\/li>\n\n\n\n<li>C.9.2.1 &#8211; Algumas fun\u00e7\u00f5es n\u00e3o podem ser utilizadas atrav\u00e9s do teclado (ou interface com entrada semelhante);<\/li>\n\n\n\n<li>C.9.2.4.2 &#8211; Algumas p\u00e1ginas Web n\u00e3o t\u00eam t\u00edtulos que descrevam o seu tema ou objetivo;<\/li>\n\n\n\n<li>C.9.2.4.3 &#8211; Em algumas p\u00e1ginas Web que podem ser navegadas sequencialmente e em que a sequ\u00eancia de navega\u00e7\u00e3o afecta o seu significado e funcionamento, alguns objectos que poderiam receber foco n\u00e3o o recebem numa ordem que preserve o seu significado e funcionamento;<\/li>\n\n\n\n<li>C.9.2.4 &#8211; O objetivo de algumas liga\u00e7\u00f5es n\u00e3o pode ser determinado pelo texto da liga\u00e7\u00e3o ou pelo texto da liga\u00e7\u00e3o juntamente com o conte\u00fado adjacente;<\/li>\n\n\n\n<li>C.9.2.4.6 &#8211; Os t\u00edtulos e\/ou etiquetas n\u00e3o clarificam suficientemente o conte\u00fado ou a funcionalidade;<\/li>\n\n\n\n<li>C.9.2.4.7 &#8211; Em alguns elementos interactivos, o indicador de foco n\u00e3o \u00e9 vis\u00edvel;<\/li>\n\n\n\n<li>C.9.3.2.1 &#8211; Quando certos componentes da interface do utilizador recebem o foco, ocorre uma mudan\u00e7a de contexto;<\/li>\n\n\n\n<li>C.9.4.1.2 &#8211; Em alguns casos, os componentes da interface do utilizador (incluindo: elementos de formul\u00e1rios, liga\u00e7\u00f5es e componentes gerados por scripts&#8230;), o nome, a fun\u00e7\u00e3o, os estados, as propriedades e os valores est\u00e3o incorrectos ou definidos, ou o utilizador e as suas tecnologias de apoio n\u00e3o s\u00e3o notificados quando estes mudam;<\/li>\n\n\n\n<li>C.10.1.3.1 (PDF) &#8211; Em alguns casos, a informa\u00e7\u00e3o, a estrutura ou as correla\u00e7\u00f5es transmitidas pela apresenta\u00e7\u00e3o de documentos n\u00e3o podem ser determinadas programaticamente (ou n\u00e3o est\u00e3o dispon\u00edveis atrav\u00e9s de texto);<\/li>\n\n\n\n<li>C.10.2.4.2 (PDF) &#8211; Alguns documentos n\u00e3o t\u00eam t\u00edtulos que descrevam o seu objeto ou finalidade;<\/li>\n<\/ul>\n\n<h3 class=\"wp-block-heading\">Redigir a declara\u00e7\u00e3o de acessibilidade<\/h3>\n\n<p>Esta declara\u00e7\u00e3o foi feita em<strong> 23\/04\/2024<\/strong>.<strong><br\/><\/strong><strong><br\/><\/strong>A avalia\u00e7\u00e3o foi efectuada<strong> por terceiros<\/strong> atrav\u00e9s de an\u00e1lises objectivas e subjectivas (ver artigo 3.\u00ba, n.\u00ba 1, da Decis\u00e3o de Execu\u00e7\u00e3o 2018\/1523 da Comiss\u00e3o).<em><br\/><\/em><strong><br\/><\/strong>A declara\u00e7\u00e3o foi revista pela \u00faltima vez em <strong>23\/04\/2024<\/strong>, respeitando a recomenda\u00e7\u00e3o de rever periodicamente (pelo menos anualmente) a exatid\u00e3o das afirma\u00e7\u00f5es desta declara\u00e7\u00e3o de acessibilidade.<\/p>\n\n<h3 class=\"wp-block-heading\">Feedback e informa\u00e7\u00f5es de contacto<\/h3>\n\n<p>Como acreditamos que o objetivo da acessibilidade n\u00e3o \u00e9 apenas cumprir os regulamentos e os requisitos t\u00e9cnicos, mas sobretudo satisfazer as necessidades das pessoas, convidamos qualquer pessoa que tenha dificuldades no acesso \u00e0 informa\u00e7\u00e3o a comunic\u00e1-las para o seguinte e-mail:<\/p>\n\n<p><a href=\"mailto:info@italea.com\">info@italea.com<\/a><\/p>\n\n<h3 class=\"wp-block-heading\">Respons\u00e1vel pela transi\u00e7\u00e3o digital<\/h3>\n\n<p><strong>Cascardi Nicandro<\/strong><\/p>\n\n<p>mail: <a href=\"mailto:nicandro.cascardi@esteri.it\">nicandro.cascardi@esteri.it<\/a><\/p>\n\n<h2 class=\"wp-block-heading\">Como enviar relat\u00f3rios para a AgID<\/h2>\n\n<p>Em caso de resposta insatisfat\u00f3ria ou de aus\u00eancia de resposta no prazo de 30 dias \u00e0 notifica\u00e7\u00e3o ou ao pedido, a parte interessada pode apresentar um relat\u00f3rio \u00e0 AgID, por pec, para o seguinte endere\u00e7o: <strong>protocollo@pec.agid.gov.it<\/strong><\/p>\n\n<h3 class=\"wp-block-heading\">Informa\u00e7\u00f5es sobre o s\u00edtio<\/h3>\n\n<ol class=\"wp-block-list\">\n<li>data de publica\u00e7\u00e3o: <strong>28\/02\/2024<\/strong><\/li>\n\n\n\n<li>foram efectuados testes de usabilidade: <strong>sim<\/strong><\/li>\n\n\n\n<li>CMS utilizado para o s\u00edtio Web: <strong>WordPress<\/strong><\/li>\n<\/ol>\n\n<h3 class=\"wp-block-heading\">Informa\u00e7\u00f5es sobre a estrutura<\/h3>\n\n<ol class=\"wp-block-list\">\n<li>o n\u00famero de trabalhadores com defici\u00eancia na administra\u00e7\u00e3o<strong> 125<\/strong><\/li>\n\n\n\n<li>o n\u00famero de locais de trabalho para trabalhadores com defici\u00eancia<strong> 35<\/strong><\/li>\n<\/ol>\n","protected":false},"excerpt":{"rendered":"<p>Declara\u00e7\u00e3o de acessibilidade do s\u00edtio Web para os sujeitos p\u00fablicos ao abrigo do artigo. 3 N.\u00ba 1 da Lei n.\u00ba 4 de 9 de janeiro de 2004 Declara\u00e7\u00e3o Minist\u00e9rio dos Neg\u00f3cios Estrangeiros e da Coopera\u00e7\u00e3o Internacional compromete-se a tornar o seu s\u00edtio Web acess\u00edvel, em conformidade com a lei de 9 de janeiro de 2004, [&hellip;]<\/p>\n","protected":false},"author":1,"featured_media":0,"parent":0,"menu_order":0,"comment_status":"closed","ping_status":"closed","template":"page-accessibilita.php","meta":{"_acf_changed":false,"inline_featured_image":false,"footnotes":""},"class_list":["post-2916","page","type-page","status-publish","hentry"],"acf":[],"_links":{"self":[{"href":"https:\/\/italea.com\/pt-pt\/wp-json\/wp\/v2\/pages\/2916","targetHints":{"allow":["GET"]}}],"collection":[{"href":"https:\/\/italea.com\/pt-pt\/wp-json\/wp\/v2\/pages"}],"about":[{"href":"https:\/\/italea.com\/pt-pt\/wp-json\/wp\/v2\/types\/page"}],"author":[{"embeddable":true,"href":"https:\/\/italea.com\/pt-pt\/wp-json\/wp\/v2\/users\/1"}],"replies":[{"embeddable":true,"href":"https:\/\/italea.com\/pt-pt\/wp-json\/wp\/v2\/comments?post=2916"}],"version-history":[{"count":4,"href":"https:\/\/italea.com\/pt-pt\/wp-json\/wp\/v2\/pages\/2916\/revisions"}],"predecessor-version":[{"id":2921,"href":"https:\/\/italea.com\/pt-pt\/wp-json\/wp\/v2\/pages\/2916\/revisions\/2921"}],"wp:attachment":[{"href":"https:\/\/italea.com\/pt-pt\/wp-json\/wp\/v2\/media?parent=2916"}],"curies":[{"name":"wp","href":"https:\/\/api.w.org\/{rel}","templated":true}]}}