{"id":2965,"date":"2024-01-18T12:21:22","date_gmt":"2024-01-18T11:21:22","guid":{"rendered":"https:\/\/italea.com\/sobre-nos\/"},"modified":"2024-05-24T16:53:43","modified_gmt":"2024-05-24T14:53:43","slug":"sobre-nos","status":"publish","type":"page","link":"https:\/\/italea.com\/pt-pt\/sobre-nos\/","title":{"rendered":"Sobre n\u00f3s"},"content":{"rendered":"\n<h2 class=\"wp-block-heading\">Italea<\/h2>\n\n<p>Italea \u00e9 o programa de promo\u00e7\u00e3o do turismo de raiz, lan\u00e7ado pelo Minist\u00e9rio dos Neg\u00f3cios Estrangeiros e da Coopera\u00e7\u00e3o Internacional no \u00e2mbito do projeto PNRR e financiado pelo NextGenerationEU.<\/p>\n\n<p>O projeto visa atrair os italianos no estrangeiro e os descendentes de italianos que desejam descobrir os lugares e as tradi\u00e7\u00f5es das suas origens, fornecendo um conjunto de servi\u00e7os para facilitar a viagem a It\u00e1lia, gra\u00e7as tamb\u00e9m \u00e0 organiza\u00e7\u00e3o capilar de 20 grupos, um em cada regi\u00e3o italiana, que se encarregar\u00e3o de informar, acolher e assistir os viajantes das suas ra\u00edzes.<\/p>\n\n<p>Italea \u00e9 um projeto dedicado tanto \u00e0queles que j\u00e1 conhecem as suas origens italianas e querem organizar uma viagem para descobrir e redescobrir os lugares, os costumes e a cultura dos seus antepassados, como \u00e0queles que ainda n\u00e3o as identificaram e que poder\u00e3o recorrer a uma rede de genealogistas de confian\u00e7a.<\/p>\n\n<p>O nome Italea deriva de &#8220;cutting&#8221;, uma pr\u00e1tica atrav\u00e9s da qual se permite que uma planta se propague. Se cortares uma parte dela e a replantares, podes dar-lhe uma nova vida, criando novas ra\u00edzes: tal como acontece com a migra\u00e7\u00e3o. Este programa representa a gratid\u00e3o para com a &#8220;planta-m\u00e3e&#8221; que floresce no mundo.  <\/p>\n","protected":false},"excerpt":{"rendered":"<p>Italea Italea \u00e9 o programa de promo\u00e7\u00e3o do turismo de raiz, lan\u00e7ado pelo Minist\u00e9rio dos Neg\u00f3cios Estrangeiros e da Coopera\u00e7\u00e3o Internacional no \u00e2mbito do projeto PNRR e financiado pelo NextGenerationEU. O projeto visa atrair os italianos no estrangeiro e os descendentes de italianos que desejam descobrir os lugares e as tradi\u00e7\u00f5es das suas origens, fornecendo [&hellip;]<\/p>\n","protected":false},"author":5,"featured_media":0,"parent":0,"menu_order":0,"comment_status":"closed","ping_status":"closed","template":"page-chi-siamo.php","meta":{"_acf_changed":false,"inline_featured_image":false,"footnotes":""},"class_list":["post-2965","page","type-page","status-publish","hentry"],"acf":[],"_links":{"self":[{"href":"https:\/\/italea.com\/pt-pt\/wp-json\/wp\/v2\/pages\/2965","targetHints":{"allow":["GET"]}}],"collection":[{"href":"https:\/\/italea.com\/pt-pt\/wp-json\/wp\/v2\/pages"}],"about":[{"href":"https:\/\/italea.com\/pt-pt\/wp-json\/wp\/v2\/types\/page"}],"author":[{"embeddable":true,"href":"https:\/\/italea.com\/pt-pt\/wp-json\/wp\/v2\/users\/5"}],"replies":[{"embeddable":true,"href":"https:\/\/italea.com\/pt-pt\/wp-json\/wp\/v2\/comments?post=2965"}],"version-history":[{"count":3,"href":"https:\/\/italea.com\/pt-pt\/wp-json\/wp\/v2\/pages\/2965\/revisions"}],"predecessor-version":[{"id":2973,"href":"https:\/\/italea.com\/pt-pt\/wp-json\/wp\/v2\/pages\/2965\/revisions\/2973"}],"wp:attachment":[{"href":"https:\/\/italea.com\/pt-pt\/wp-json\/wp\/v2\/media?parent=2965"}],"curies":[{"name":"wp","href":"https:\/\/api.w.org\/{rel}","templated":true}]}}