{"id":3013,"date":"2023-12-20T11:01:45","date_gmt":"2023-12-20T10:01:45","guid":{"rendered":"https:\/\/italea.com\/rotas\/"},"modified":"2024-05-24T16:58:06","modified_gmt":"2024-05-24T14:58:06","slug":"rotas","status":"publish","type":"page","link":"https:\/\/italea.com\/pt-pt\/rotas\/","title":{"rendered":"Rotas"},"content":{"rendered":"\n<p>As ra\u00edzes entre a beleza e as tradi\u00e7\u00f5es  <\/p>\n","protected":false},"excerpt":{"rendered":"<p>As ra\u00edzes entre a beleza e as tradi\u00e7\u00f5es<\/p>\n","protected":false},"author":1,"featured_media":3016,"parent":0,"menu_order":0,"comment_status":"closed","ping_status":"closed","template":"template-itinerari.php","meta":{"_acf_changed":false,"inline_featured_image":false,"footnotes":""},"class_list":["post-3013","page","type-page","status-publish","has-post-thumbnail","hentry"],"acf":[],"_links":{"self":[{"href":"https:\/\/italea.com\/pt-pt\/wp-json\/wp\/v2\/pages\/3013","targetHints":{"allow":["GET"]}}],"collection":[{"href":"https:\/\/italea.com\/pt-pt\/wp-json\/wp\/v2\/pages"}],"about":[{"href":"https:\/\/italea.com\/pt-pt\/wp-json\/wp\/v2\/types\/page"}],"author":[{"embeddable":true,"href":"https:\/\/italea.com\/pt-pt\/wp-json\/wp\/v2\/users\/1"}],"replies":[{"embeddable":true,"href":"https:\/\/italea.com\/pt-pt\/wp-json\/wp\/v2\/comments?post=3013"}],"version-history":[{"count":1,"href":"https:\/\/italea.com\/pt-pt\/wp-json\/wp\/v2\/pages\/3013\/revisions"}],"predecessor-version":[{"id":3017,"href":"https:\/\/italea.com\/pt-pt\/wp-json\/wp\/v2\/pages\/3013\/revisions\/3017"}],"wp:featuredmedia":[{"embeddable":true,"href":"https:\/\/italea.com\/pt-pt\/wp-json\/wp\/v2\/media\/3016"}],"wp:attachment":[{"href":"https:\/\/italea.com\/pt-pt\/wp-json\/wp\/v2\/media?parent=3013"}],"curies":[{"name":"wp","href":"https:\/\/api.w.org\/{rel}","templated":true}]}}