{"id":3049,"date":"2024-05-15T17:07:38","date_gmt":"2024-05-15T15:07:38","guid":{"rendered":"https:\/\/italea.com\/revista\/"},"modified":"2025-10-10T13:04:31","modified_gmt":"2025-10-10T11:04:31","slug":"revista","status":"publish","type":"page","link":"https:\/\/italea.com\/pt-pt\/revista\/","title":{"rendered":"Magazine"},"content":{"rendered":"\n<h2 class=\"wp-block-heading\">As Revistas da Italea<\/h2>\n\n\n\n<p>Aqui voc\u00ea encontra o arquivo digital das nossas revistas, que relataram o nascimento e a evolu\u00e7\u00e3o do projeto Italea com hist\u00f3rias, roteiros e depoimentos.<br>Todas as edi\u00e7\u00f5es est\u00e3o dispon\u00edveis gratuitamente: escolha uma, explore os conte\u00fados e reviva essa jornada conosco.<\/p>\n","protected":false},"excerpt":{"rendered":"<p>As Revistas da Italea Aqui voc\u00ea encontra o arquivo digital das nossas revistas, que relataram o nascimento e a evolu\u00e7\u00e3o do projeto Italea com hist\u00f3rias, roteiros e depoimentos.Todas as edi\u00e7\u00f5es est\u00e3o dispon\u00edveis gratuitamente: escolha uma, explore os conte\u00fados e reviva essa jornada conosco.<\/p>\n","protected":false},"author":1,"featured_media":0,"parent":0,"menu_order":0,"comment_status":"closed","ping_status":"closed","template":"template-magazine.php","meta":{"_acf_changed":false,"inline_featured_image":false,"footnotes":""},"class_list":["post-3049","page","type-page","status-publish","hentry"],"acf":[],"_links":{"self":[{"href":"https:\/\/italea.com\/pt-pt\/wp-json\/wp\/v2\/pages\/3049","targetHints":{"allow":["GET"]}}],"collection":[{"href":"https:\/\/italea.com\/pt-pt\/wp-json\/wp\/v2\/pages"}],"about":[{"href":"https:\/\/italea.com\/pt-pt\/wp-json\/wp\/v2\/types\/page"}],"author":[{"embeddable":true,"href":"https:\/\/italea.com\/pt-pt\/wp-json\/wp\/v2\/users\/1"}],"replies":[{"embeddable":true,"href":"https:\/\/italea.com\/pt-pt\/wp-json\/wp\/v2\/comments?post=3049"}],"version-history":[{"count":4,"href":"https:\/\/italea.com\/pt-pt\/wp-json\/wp\/v2\/pages\/3049\/revisions"}],"predecessor-version":[{"id":19815,"href":"https:\/\/italea.com\/pt-pt\/wp-json\/wp\/v2\/pages\/3049\/revisions\/19815"}],"wp:attachment":[{"href":"https:\/\/italea.com\/pt-pt\/wp-json\/wp\/v2\/media?parent=3049"}],"curies":[{"name":"wp","href":"https:\/\/api.w.org\/{rel}","templated":true}]}}